{"id":8305,"date":"2026-04-16T13:59:29","date_gmt":"2026-04-16T13:59:29","guid":{"rendered":"https:\/\/www.fnce.info\/?post_type=product&#038;p=8305"},"modified":"2026-04-16T14:15:24","modified_gmt":"2026-04-16T14:15:24","slug":"zapasy-i-magazynowanie-2","status":"publish","type":"product","link":"https:\/\/www.fnce.info\/de\/portoflio\/zapasy-i-magazynowanie-2\/","title":{"rendered":"Zapasy i magazynowanie"},"content":{"rendered":"<p>Podr\u0119cznik \u201eZapasy i magazynowanie\u201d autorstwa Eugeniusza Janu\u0142y, Ma\u0142gorzaty Kasi\u0144skiej, Piotra Kwiatkiewicza oraz Marka Laskowskiego stanowi warto\u015bciowe i potrzebne opracowanie dydaktyczne, dobrze wpisuj\u0105ce si\u0119 w potrzeby kszta\u0142cenia w obszarze logistyki, gospodarki magazynowej oraz zarz\u0105dzania przep\u0142ywem d\u00f3br materialnych. Ju\u017c sam uk\u0142ad tre\u015bci wskazuje, i\u017c autorzy podj\u0119li pr\u00f3b\u0119 przedstawienia zagadnie\u0144 zwi\u0105zanych z zapasami i magazynowaniem w spos\u00f3b uporz\u0105dkowany, szeroki i zarazem przyst\u0119pny dla odbiorcy.<\/p>\n<p>Na szczeg\u00f3lne podkre\u015blenie zas\u0142uguje kompleksowo\u015b\u0107 opracowania. Autorzy omawiaj\u0105 zar\u00f3wno podstawy gospodarki zapasami, systemy uzupe\u0142niania zapas\u00f3w i organizacj\u0119 magazynowania, jak r\u00f3wnie\u017c kwestie technologii magazynowej, kompletacji, dokumentacji obrotu, informatyzacji proces\u00f3w magazynowych, inwentaryzacji, ekonomiki magazynowej oraz zagadnie\u0144 zwi\u0105zanych z bezpiecze\u0144stwem i ochron\u0105 obiekt\u00f3w magazynowych. Tak szerokie uj\u0119cie tematu sprawia, \u017ce podr\u0119cznik mo\u017ce by\u0107 wykorzystywany zar\u00f3wno na poziomie akademickim, jak i w praktyce dydaktycznej szk\u00f3\u0142 kszta\u0142c\u0105cych w zawodach logistycznych. Warto doceni\u0107 r\u00f3wnie\u017c obecno\u015b\u0107 repetytorium, tabel, schemat\u00f3w i materia\u0142\u00f3w porz\u0105dkuj\u0105cych wiedz\u0119, kt\u00f3re zwi\u0119kszaj\u0105 u\u017cyteczno\u015b\u0107 ksi\u0105\u017cki jako narz\u0119dzia dydaktycznego.<\/p>\n<p><strong>Z recenzji dr hab. Adama Sadowskiego, prof. U\u0141<\/strong><\/p>","protected":false},"excerpt":{"rendered":"<p>Podr\u0119cznik \u201eZapasy i magazynowanie\u201d autorstwa Eugeniusza Janu\u0142y, Ma\u0142gorzaty Kasi\u0144skiej, Piotra Kwiatkiewicza oraz Marka Laskowskiego stanowi warto\u015bciowe i potrzebne opracowanie dydaktyczne, dobrze wpisuj\u0105ce si\u0119 w potrzeby kszta\u0142cenia w obszarze logistyki, gospodarki magazynowej oraz zarz\u0105dzania przep\u0142ywem d\u00f3br materialnych. Ju\u017c sam uk\u0142ad tre\u015bci wskazuje, i\u017c autorzy podj\u0119li pr\u00f3b\u0119 przedstawienia zagadnie\u0144 zwi\u0105zanych z zapasami i magazynowaniem w spos\u00f3b uporz\u0105dkowany, szeroki i zarazem przyst\u0119pny dla &#8230; <\/p>\n<p class=\"read-more-container\"><a title=\"Zapasy i magazynowanie\" class=\"read-more button\" href=\"https:\/\/www.fnce.info\/de\/portoflio\/zapasy-i-magazynowanie-2\/#more-8305\" aria-label=\"Mehr zu Zapasy i magazynowanie\">WI\u0118CEJ &gt;<\/a><\/p>","protected":false},"featured_media":8306,"template":"","meta":{"_acf_changed":false,"inline_featured_image":false},"product_brand":[],"product_cat":[320,496],"product_tag":[],"class_list":{"0":"post-8305","1":"product","2":"type-product","3":"status-publish","4":"has-post-thumbnail","6":"product_cat-transport-i-logistyka","7":"product_cat-wszystkie","8":"resize-featured-image","9":"sales-flash-overlay","10":"woocommerce-text-align-center","11":"woocommerce-image-align-center","12":"do-quantity-buttons","14":"first","15":"instock","16":"shipping-taxable","17":"purchasable","18":"product-type-simple"},"acf":[],"_links":{"self":[{"href":"https:\/\/www.fnce.info\/de\/wp-json\/wp\/v2\/product\/8305","targetHints":{"allow":["GET"]}}],"collection":[{"href":"https:\/\/www.fnce.info\/de\/wp-json\/wp\/v2\/product"}],"about":[{"href":"https:\/\/www.fnce.info\/de\/wp-json\/wp\/v2\/types\/product"}],"wp:featuredmedia":[{"embeddable":true,"href":"https:\/\/www.fnce.info\/de\/wp-json\/wp\/v2\/media\/8306"}],"wp:attachment":[{"href":"https:\/\/www.fnce.info\/de\/wp-json\/wp\/v2\/media?parent=8305"}],"wp:term":[{"taxonomy":"product_brand","embeddable":true,"href":"https:\/\/www.fnce.info\/de\/wp-json\/wp\/v2\/product_brand?post=8305"},{"taxonomy":"product_cat","embeddable":true,"href":"https:\/\/www.fnce.info\/de\/wp-json\/wp\/v2\/product_cat?post=8305"},{"taxonomy":"product_tag","embeddable":true,"href":"https:\/\/www.fnce.info\/de\/wp-json\/wp\/v2\/product_tag?post=8305"}],"curies":[{"name":"wp","href":"https:\/\/api.w.org\/{rel}","templated":true}]}}