{"id":8302,"date":"2026-04-16T13:47:59","date_gmt":"2026-04-16T13:47:59","guid":{"rendered":"https:\/\/www.fnce.info\/?post_type=product&#038;p=8302"},"modified":"2026-04-16T14:15:27","modified_gmt":"2026-04-16T14:15:27","slug":"nowoczesna-spedycja-2","status":"publish","type":"product","link":"https:\/\/www.fnce.info\/de\/portoflio\/nowoczesna-spedycja-2\/","title":{"rendered":"Nowoczesna spedycja"},"content":{"rendered":"<p>Podr\u0119cznik \u201eNowoczesna spedycja\u201d autorstwa Eugeniusza Janu\u0142y, Piotra Kwiatkiewicza oraz Marka Laskowskiego stanowi cenne i dobrze przygotowane opracowanie dydaktyczne, podejmuj\u0105ce problematyk\u0119 wa\u017cn\u0105 zar\u00f3wno z perspektywy kszta\u0142cenia akademickiego, jak i praktyki gospodarczej zwi\u0105zanej z organizacj\u0105 przewoz\u00f3w, obs\u0142ug\u0105 \u0142adunk\u00f3w oraz funkcjonowaniem wsp\u00f3\u0142czesnych \u0142a\u0144cuch\u00f3w dostaw. Ju\u017c sam zakres publikacji zas\u0142uguje na uznanie, obejmuje bowiem nie tylko podstawy prawne i organizacyjne spedycji, ale r\u00f3wnie\u017c zagadnienia zwi\u0105zane z handlem mi\u0119dzynarodowym, dokumentacj\u0105 spedycyjn\u0105, transportem w r\u00f3\u017cnych ga\u0142\u0119ziach, multimodalno\u015bci\u0105, ubezpieczeniami, informatyk\u0105 oraz marketingiem w dzia\u0142alno\u015bci spedycyjnej.<\/p>\n<p>Na szczeg\u00f3lne podkre\u015blenie zas\u0142uguje szeroko\u015b\u0107 i aktualno\u015b\u0107 uj\u0119cia. Autorzy nie ograniczyli si\u0119 do klasycznego wyk\u0142adu podstaw spedycji, lecz pokazali j\u0105 jako dziedzin\u0119 dynamicznie rozwijaj\u0105c\u0105 si\u0119, silnie powi\u0105zan\u0105 z procesami internacjonalizacji gospodarki, zmianami regulacyjnymi oraz rozwojem technologii informatycznych. Dzi\u0119ki temu podr\u0119cznik posiada nie tylko walor podstawowego kompendium wiedzy, ale r\u00f3wnie\u017c odzwierciedla wsp\u00f3\u0142czesny charakter bran\u017cy TSL. Istotnym atutem pozostaje tak\u017ce uwzgl\u0119dnienie dokument\u00f3w FIATA, regulacji unijnych, zasad funkcjonowania r\u00f3\u017cnych ga\u0142\u0119zi transportu oraz praktycznych aspekt\u00f3w odpowiedzialno\u015bci spedytora.<\/p>\n<p><strong>Z recenzji dr hab. Adama Sadowskiego, prof. U\u0141<\/strong><\/p>","protected":false},"excerpt":{"rendered":"<p>Podr\u0119cznik \u201eNowoczesna spedycja\u201d autorstwa Eugeniusza Janu\u0142y, Piotra Kwiatkiewicza oraz Marka Laskowskiego stanowi cenne i dobrze przygotowane opracowanie dydaktyczne, podejmuj\u0105ce problematyk\u0119 wa\u017cn\u0105 zar\u00f3wno z perspektywy kszta\u0142cenia akademickiego, jak i praktyki gospodarczej zwi\u0105zanej z organizacj\u0105 przewoz\u00f3w, obs\u0142ug\u0105 \u0142adunk\u00f3w oraz funkcjonowaniem wsp\u00f3\u0142czesnych \u0142a\u0144cuch\u00f3w dostaw. Ju\u017c sam zakres publikacji zas\u0142uguje na uznanie, obejmuje bowiem nie tylko podstawy prawne i organizacyjne spedycji, ale r\u00f3wnie\u017c zagadnienia &#8230; <\/p>\n<p class=\"read-more-container\"><a title=\"Nowoczesna spedycja\" class=\"read-more button\" href=\"https:\/\/www.fnce.info\/de\/portoflio\/nowoczesna-spedycja-2\/#more-8302\" aria-label=\"Mehr zu Nowoczesna spedycja\">WI\u0118CEJ &gt;<\/a><\/p>","protected":false},"featured_media":8303,"template":"","meta":{"_acf_changed":false,"inline_featured_image":false},"product_brand":[],"product_cat":[320,496],"product_tag":[],"class_list":{"0":"post-8302","1":"product","2":"type-product","3":"status-publish","4":"has-post-thumbnail","6":"product_cat-transport-i-logistyka","7":"product_cat-wszystkie","8":"resize-featured-image","9":"sales-flash-overlay","10":"woocommerce-text-align-center","11":"woocommerce-image-align-center","12":"do-quantity-buttons","14":"first","15":"instock","16":"shipping-taxable","17":"purchasable","18":"product-type-simple"},"acf":[],"_links":{"self":[{"href":"https:\/\/www.fnce.info\/de\/wp-json\/wp\/v2\/product\/8302","targetHints":{"allow":["GET"]}}],"collection":[{"href":"https:\/\/www.fnce.info\/de\/wp-json\/wp\/v2\/product"}],"about":[{"href":"https:\/\/www.fnce.info\/de\/wp-json\/wp\/v2\/types\/product"}],"wp:featuredmedia":[{"embeddable":true,"href":"https:\/\/www.fnce.info\/de\/wp-json\/wp\/v2\/media\/8303"}],"wp:attachment":[{"href":"https:\/\/www.fnce.info\/de\/wp-json\/wp\/v2\/media?parent=8302"}],"wp:term":[{"taxonomy":"product_brand","embeddable":true,"href":"https:\/\/www.fnce.info\/de\/wp-json\/wp\/v2\/product_brand?post=8302"},{"taxonomy":"product_cat","embeddable":true,"href":"https:\/\/www.fnce.info\/de\/wp-json\/wp\/v2\/product_cat?post=8302"},{"taxonomy":"product_tag","embeddable":true,"href":"https:\/\/www.fnce.info\/de\/wp-json\/wp\/v2\/product_tag?post=8302"}],"curies":[{"name":"wp","href":"https:\/\/api.w.org\/{rel}","templated":true}]}}